{"id":80,"date":"2025-10-16T13:09:22","date_gmt":"2025-10-16T13:09:22","guid":{"rendered":"https:\/\/anttimikael.fi\/?page_id=80"},"modified":"2025-10-25T16:36:26","modified_gmt":"2025-10-25T16:36:26","slug":"teen-massiivipuisia-huonekaluja-ja-muita-toita-mittatilauksena-juuri-asiakkaan-toiveiden-mukaisesti","status":"publish","type":"page","link":"https:\/\/anttimikael.fi\/","title":{"rendered":"Massiivipuisia huonekaluja ja muita puusep\u00e4n tuotteita mittatilauksena &#8211; juuri sinun toiveidesi mukaan."},"content":{"rendered":"\n<p><\/p>\n\n\n\n<p style=\"font-size:15px\">Jos sinulla on mieless\u00e4si jokin idea, ota rohkeasti yhteytt\u00e4 niin suunnitellaan yhdess\u00e4 juuri sinun tarpeisiisi sopiva tuote. Toteutan kaikki projektit huolellisesti alusta loppuun ja toimitan tuotteet perille asti paikalleen asennettuna.<\/p>\n\n\n\n<p style=\"font-size:15px\">Autan mielell\u00e4ni my\u00f6s oikean puulajin valinnassa, jotta lopputulos on paitsi kaunis my\u00f6s k\u00e4ytt\u00f6tarkoitukseensa t\u00e4ydellisesti sopiva. <\/p>\n\n\n\n<p style=\"font-size:15px\">Ydinajatuksena kaikissa t\u00f6iss\u00e4ni on yhdist\u00e4\u00e4 massiivipuun l\u00e4mp\u00f6 ja j\u00e4re\u00e4 rakenne helposti koottavaan ja liikuteltavaan muotoon.<\/p>\n\n\n\n<p><\/p>\n\n\n\n<p><\/p>\n\n\n\n<p><\/p>\n\n\n\n<p><\/p>\n","protected":false},"excerpt":{"rendered":"<p>Jos sinulla on mieless\u00e4si jokin idea, ota rohkeasti yhteytt\u00e4 niin suunnitellaan yhdess\u00e4 juuri sinun tarpeisiisi sopiva tuote. Toteutan kaikki projektit huolellisesti alusta loppuun ja toimitan tuotteet perille asti paikalleen asennettuna. Autan mielell\u00e4ni my\u00f6s oikean puulajin valinnassa, jotta lopputulos on paitsi kaunis my\u00f6s k\u00e4ytt\u00f6tarkoitukseensa t\u00e4ydellisesti sopiva. Ydinajatuksena kaikissa t\u00f6iss\u00e4ni on yhdist\u00e4\u00e4 massiivipuun l\u00e4mp\u00f6 ja j\u00e4re\u00e4 rakenne &hellip; <\/p>\n<p class=\"link-more\"><a href=\"https:\/\/anttimikael.fi\/\" class=\"more-link\">Jatka lukemista<span class=\"screen-reader-text\"> &#8221;Massiivipuisia huonekaluja ja muita puusep\u00e4n tuotteita mittatilauksena &#8211; juuri sinun toiveidesi mukaan.&#8221;<\/span><\/a><\/p>\n","protected":false},"author":1,"featured_media":0,"parent":0,"menu_order":0,"comment_status":"closed","ping_status":"closed","template":"","meta":{"footnotes":""},"class_list":["post-80","page","type-page","status-publish","hentry"],"_links":{"self":[{"href":"https:\/\/anttimikael.fi\/index.php?rest_route=\/wp\/v2\/pages\/80","targetHints":{"allow":["GET"]}}],"collection":[{"href":"https:\/\/anttimikael.fi\/index.php?rest_route=\/wp\/v2\/pages"}],"about":[{"href":"https:\/\/anttimikael.fi\/index.php?rest_route=\/wp\/v2\/types\/page"}],"author":[{"embeddable":true,"href":"https:\/\/anttimikael.fi\/index.php?rest_route=\/wp\/v2\/users\/1"}],"replies":[{"embeddable":true,"href":"https:\/\/anttimikael.fi\/index.php?rest_route=%2Fwp%2Fv2%2Fcomments&post=80"}],"version-history":[{"count":22,"href":"https:\/\/anttimikael.fi\/index.php?rest_route=\/wp\/v2\/pages\/80\/revisions"}],"predecessor-version":[{"id":200,"href":"https:\/\/anttimikael.fi\/index.php?rest_route=\/wp\/v2\/pages\/80\/revisions\/200"}],"wp:attachment":[{"href":"https:\/\/anttimikael.fi\/index.php?rest_route=%2Fwp%2Fv2%2Fmedia&parent=80"}],"curies":[{"name":"wp","href":"https:\/\/api.w.org\/{rel}","templated":true}]}}